{"id":25,"date":"2017-05-17T20:05:52","date_gmt":"2017-05-17T20:05:52","guid":{"rendered":"http:\/\/drasudekoksal.com\/?page_id=25"},"modified":"2022-05-08T21:26:22","modified_gmt":"2022-05-08T18:26:22","slug":"iletisim","status":"publish","type":"page","link":"https:\/\/drasudekoksal.com\/en\/iletisim\/","title":{"rendered":"Contact"},"content":{"rendered":"<p>[vc_section full_width=&#8221;stretch_row&#8221;][vc_row content_placement=&#8221;top&#8221;][vc_column offset=&#8221;vc_col-lg-4 vc_col-md-6&#8243;]<div class=\"heading  default align-left color-black transform-default icon-type-hidden   vc_custom_1651925655094 heading-tag-h4\" id=\"like_sc_header_1289828161\"><h4 class=\"header ltx-sr-id-like_sc_header_128982816128988193 ltx-sr ltx-sr-effect-fade_in ltx-sr-el-block ltx-sr-delay-0 ltx-sr-duration-1000 ltx-sr-sequences-0\">Doctor\u2019s Surgery:<br \/>\n<\/h4><\/div>[vc_column_text]<\/p>\n<p class=\"p1\"><span class=\"s1\">Please contact us to get more information.<\/span><\/p>\n<p>[\/vc_column_text]<div class=\"align-default \"><ul class=\"social-icons-list   vc_custom_1600665965279 bg-main  icon-weight-bold\" id=\"like_sc_header_1796578295\"><li class=\" \"><span class=\"fa fa-phone\"><\/span><span class=\"head\">+90 (536) 772 30 00<\/span><\/li><li class=\" \"><span class=\"fa fa-map-marker\"><\/span><span class=\"head\">Fenerbah\u00e7e Mah  Fener Kalam\u0131\u015f Cad  Atlas Ap. No : 12\/10  Kad\u0131k\u00f6y \/   \u0130stanbul<\/span><\/li><\/ul><\/div><div class=\"align-default \"><ul class=\"social-big icon-weight-bold\" id=\"like_sc_header_1449152621\"><li><a href=\"#\" class=\"ltx-social-color fa fa-facebook\"><\/a><\/li><li><a href=\"#\" class=\"ltx-social-color fa fa-twitter\"><\/a><\/li><li><a href=\"#\" class=\"ltx-social-color fa fa-youtube\"><\/a><\/li><li><a href=\"#\" class=\"ltx-social-color fa fa-instagram\"><\/a><\/li><\/ul><\/div>[\/vc_column][vc_column css=&#8221;.vc_custom_1518129269758{margin-top: 0px !important;padding-top: 0px !important;background-image: url(http:\/\/drasudekoksal.com\/wp-content\/uploads\/2017\/05\/contact-bg.png?id=2234) !important;background-position: center !important;background-repeat: no-repeat !important;background-size: cover !important;}&#8221; offset=&#8221;vc_col-lg-4 vc_col-md-6&#8243;]<div class=\"es-resp\">\t<div class=\"visible-xl\" style=\"height: 0px;\"><\/div>\t<div class=\"hidden-xl hidden-md hidden-sm hidden-ms hidden-xs\" style=\"height: 0px;\"><\/div>\t<div class=\"visible-md\" style=\"height: 0px;\"><\/div>\t<div class=\"visible-sm \" style=\"height: 48px;\"><\/div>\t<div class=\"visible-ms\" style=\"height: 48px;\"><\/div>\t<div class=\"visible-xs\" style=\"height: 48px;\"><\/div><\/div><div class=\"heading  default align-left color-black subcolor-main transform-default icon-type-hidden   vc_custom_1651925577513 heading-tag-h4\" id=\"like_sc_header_1218436473\"><h4 class=\"header ltx-sr-id-like_sc_header_12184364731071085203 ltx-sr ltx-sr-effect-fade_in ltx-sr-el-block ltx-sr-delay-0 ltx-sr-duration-1000 ltx-sr-sequences-0\">Working Hours<\/h4><\/div>[vc_column_text]<\/p>\n<p class=\"p1\"><span class=\"s1\"><b>Monday: <\/b>8:00 \u2013 19:30<\/span><\/p>\n<p class=\"p1\"><span class=\"s1\"><b>Tuesday: <\/b>8:00 \u2013 19:30<\/span><\/p>\n<p class=\"p1\"><span class=\"s1\"><b>Wednesday: <\/b>8:00 \u2013 19:30<\/span><\/p>\n<p class=\"p1\"><span class=\"s1\"><b>Thursday: <\/b>8:00 \u2013 19:30<\/span><\/p>\n<p class=\"p1\"><span class=\"s1\"><b>Friday: <\/b>8:00 \u2013 19:30<\/span><\/p>\n<p class=\"p1\"><span class=\"s1\"><b>Saturday: <\/b>8:00 \u2013 19:30<\/span><\/p>\n<p class=\"p1\"><span class=\"s1\"><b>Sunday: <\/b>Closed<\/span><\/p>\n<p><span class=\"line-height-2\">\u00a0<\/span>[\/vc_column_text]<div class=\"es-resp\">\t<div class=\"hidden-xl hidden-md hidden-sm hidden-ms hidden-xs\" style=\"height: 28px;\"><\/div>\t<div class=\"visible-md\" style=\"height: 28px;\"><\/div>\t<div class=\"visible-sm \" style=\"height: 28px;\"><\/div>\t<div class=\"visible-ms\" style=\"height: 28px;\"><\/div>\t<div class=\"visible-xs\" style=\"height: 28px;\"><\/div><\/div>[\/vc_column][vc_column offset=&#8221;vc_col-lg-4 vc_col-md-12&#8243;]<div class=\"es-resp\">\t<div class=\"visible-xl\" style=\"height: 0px;\"><\/div>\t<div class=\"hidden-xl hidden-md hidden-sm hidden-ms hidden-xs\" style=\"height: 0px;\"><\/div>\t<div class=\"visible-md\" style=\"height: 16px;\"><\/div>\t<div class=\"visible-sm \" style=\"height: 16px;\"><\/div>\t<div class=\"visible-ms\" style=\"height: 16px;\"><\/div>\t<div class=\"visible-xs\" style=\"height: 32px;\"><\/div><\/div><div class=\"ltx-contact-form-7 transform-default form-center form-gray form-bg-gray form-style-default form-btn-default form-btn-default form-padding-default    vc_custom_1542890886893\" id=\"like_sc_contact_form_7_444136009\"><div role=\"form\" class=\"wpcf7\" id=\"wpcf7-f1555-o1\" lang=\"en-US\" dir=\"ltr\">\n<div class=\"screen-reader-response\"><p role=\"status\" aria-live=\"polite\" aria-atomic=\"true\"><\/p> <ul><\/ul><\/div>\n<form action=\"\/en\/wp-json\/wp\/v2\/pages\/25#wpcf7-f1555-o1\" method=\"post\" class=\"wpcf7-form init\" novalidate=\"novalidate\" data-status=\"init\">\n<div style=\"display: none;\">\n<input type=\"hidden\" name=\"_wpcf7\" value=\"1555\" \/>\n<input type=\"hidden\" name=\"_wpcf7_version\" value=\"5.5.6\" \/>\n<input type=\"hidden\" name=\"_wpcf7_locale\" value=\"en_US\" \/>\n<input type=\"hidden\" name=\"_wpcf7_unit_tag\" value=\"wpcf7-f1555-o1\" \/>\n<input type=\"hidden\" name=\"_wpcf7_container_post\" value=\"0\" \/>\n<input type=\"hidden\" name=\"_wpcf7_posted_data_hash\" value=\"\" \/>\n<input type=\"hidden\" name=\"lang\" value=\"en\" \/>\n<\/div>\n<p><span class=\"wpcf7-form-control-wrap your-name\"><input type=\"text\" name=\"your-name\" value=\"\" size=\"40\" class=\"wpcf7-form-control wpcf7-text wpcf7-validates-as-required\" aria-required=\"true\" aria-invalid=\"false\" placeholder=\"Name\" \/><\/span><\/p>\n<p><span class=\"wpcf7-form-control-wrap your-email\"><input type=\"text\" name=\"your-email\" value=\"\" size=\"40\" class=\"wpcf7-form-control wpcf7-text wpcf7-validates-as-required\" aria-required=\"true\" aria-invalid=\"false\" placeholder=\"E-Mail\" \/><\/span><\/p>\n<p><span class=\"wpcf7-form-control-wrap your-message\"><textarea name=\"your-message\" cols=\"40\" rows=\"10\" class=\"wpcf7-form-control wpcf7-textarea\" aria-invalid=\"false\" placeholder=\"Message\"><\/textarea><\/span><\/p>\n<p><input type=\"submit\" value=\"Submit\" class=\"wpcf7-form-control has-spinner wpcf7-submit\" \/><\/p>\n<div class=\"wpcf7-response-output\" aria-hidden=\"true\"><\/div><\/form><\/div><\/div>[\/vc_column][\/vc_row][vc_row][vc_column][vc_empty_space height=&#8221;72&#8243;][\/vc_column][\/vc_row][\/vc_section][vc_row full_width=&#8221;stretch_row_content_no_spaces&#8221; css=&#8221;.vc_custom_1538478005860{margin-bottom: -60px !important;}&#8221;][vc_column]<div  id=\"like_sc_google_maps_1054932492\" data-marker=\"https:\/\/drasudekoksal.com\/wp-content\/themes\/holamed\/assets\/images\/location.png\" class=\"ltx-google-maps    vc_custom_1538491575778\" data-style=\"yellow\" data-lng=\"-74.1180862\" data-lat=\"40.7058253\" data-zoom=\"11\" style=\"width: 100%; height: 450px;\">Google Map API Key is Wrong<\/div>[\/vc_column][\/vc_row]<\/p>\n","protected":false},"excerpt":{"rendered":"<p>[vc_section full_width=&#8221;stretch_row&#8221;][vc_row content_placement=&#8221;top&#8221;][vc_column offset=&#8221;vc_col-lg-4 vc_col-md-6&#8243;][vc_column_text] Please contact us to get more information. [\/vc_column_text][\/vc_column][vc_column css=&#8221;.vc_custom_1518129269758{margin-top: 0px !important;padding-top: 0px !important;background-image: url(http:\/\/drasudekoksal.com\/wp-content\/uploads\/2017\/05\/contact-bg.png?id=2234) !important;background-position: center !important;background-repeat: no-repeat !important;background-size: cover !important;}&#8221; offset=&#8221;vc_col-lg-4 vc_col-md-6&#8243;][vc_column_text] Monday: 8:00 \u2013 19:30 Tuesday: 8:00 \u2013 19:30 Wednesday: 8:00 \u2013 19:30 Thursday: 8:00 \u2013 19:30 Friday: 8:00 \u2013 19:30 Saturday: 8:00 \u2013 19:30 Sunday: Closed \u00a0[\/vc_column_text][\/vc_column][vc_column offset=&#8221;vc_col-lg-4 vc_col-md-12&#8243;][\/vc_column][\/vc_row][vc_row][vc_column][vc_empty_space height=&#8221;72&#8243;][\/vc_column][\/vc_row][\/vc_section][vc_row full_width=&#8221;stretch_row_content_no_spaces&#8221; css=&#8221;.vc_custom_1538478005860{margin-bottom: -60px !important;}&#8221;][vc_column][\/vc_column][\/vc_row]<\/p>\n","protected":false},"author":1,"featured_media":0,"parent":0,"menu_order":0,"comment_status":"closed","ping_status":"closed","template":"","meta":[],"_links":{"self":[{"href":"https:\/\/drasudekoksal.com\/en\/wp-json\/wp\/v2\/pages\/25"}],"collection":[{"href":"https:\/\/drasudekoksal.com\/en\/wp-json\/wp\/v2\/pages"}],"about":[{"href":"https:\/\/drasudekoksal.com\/en\/wp-json\/wp\/v2\/types\/page"}],"author":[{"embeddable":true,"href":"https:\/\/drasudekoksal.com\/en\/wp-json\/wp\/v2\/users\/1"}],"replies":[{"embeddable":true,"href":"https:\/\/drasudekoksal.com\/en\/wp-json\/wp\/v2\/comments?post=25"}],"version-history":[{"count":9,"href":"https:\/\/drasudekoksal.com\/en\/wp-json\/wp\/v2\/pages\/25\/revisions"}],"predecessor-version":[{"id":7247,"href":"https:\/\/drasudekoksal.com\/en\/wp-json\/wp\/v2\/pages\/25\/revisions\/7247"}],"wp:attachment":[{"href":"https:\/\/drasudekoksal.com\/en\/wp-json\/wp\/v2\/media?parent=25"}],"curies":[{"name":"wp","href":"https:\/\/api.w.org\/{rel}","templated":true}]}}