{"id":6157,"date":"2018-10-02T23:48:05","date_gmt":"2018-10-02T23:48:05","guid":{"rendered":"http:\/\/drasudekoksal.com\/?page_id=6157"},"modified":"2022-06-02T15:31:46","modified_gmt":"2022-06-02T12:31:46","slug":"hakkimda","status":"publish","type":"page","link":"https:\/\/drasudekoksal.com\/en\/hakkimda\/","title":{"rendered":"About Me"},"content":{"rendered":"<p>[vc_section text_align=&#8221;center-md-sm-ms&#8221;][vc_row][vc_column]<div class=\"es-resp\">\t<div class=\"visible-xl\" style=\"height: 64px;\"><\/div>\t<div class=\"hidden-xl hidden-md hidden-sm hidden-ms hidden-xs\" style=\"height: 64px;\"><\/div>\t<div class=\"visible-md\" style=\"height: 32px;\"><\/div>\t<div class=\"visible-sm \" style=\"height: 32px;\"><\/div>\t<div class=\"visible-ms\" style=\"height: 32px;\"><\/div>\t<div class=\"visible-xs\" style=\"height: 32px;\"><\/div><\/div>[\/vc_column][\/vc_row][vc_row][vc_column text_align=&#8221;center-md-sm-ms&#8221; offset=&#8221;vc_col-lg-6&#8243;]<div class=\"ltx-content-width col-align-left\" id=\"like_sc_content_width_1736176909\" style=\"max-width: 620px\"><div class=\"ltx-wrapper\">[vc_single_image img_size=&#8221;full&#8221;]<\/div><\/div><div class=\"es-resp\">\t<div class=\"visible-xl\" style=\"height: 24px;\"><\/div>\t<div class=\"hidden-xl hidden-md hidden-sm hidden-ms hidden-xs\" style=\"height: 24px;\"><\/div>\t<div class=\"visible-md\" style=\"height: 24px;\"><\/div>\t<div class=\"visible-sm \" style=\"height: 24px;\"><\/div>\t<div class=\"visible-ms\" style=\"height: 24px;\"><\/div>\t<div class=\"visible-xs\" style=\"height: 24px;\"><\/div><\/div><div class=\"btn-wrap\"><a href=\"http:\/\/drasudekoksal.com\/en\/iletisim\" class=\"btn  btn-default color-hover-default\" id=\"like_sc_button_1483624034\">Contact<\/a><\/div>[\/vc_column][vc_column offset=&#8221;vc_col-lg-6&#8243;][vc_column_text]<\/p>\n<p class=\"p1\"><span class=\"s1\"><b>Personal Details<\/b><\/span><\/p>\n<p class=\"p2\"><span class=\"s1\">Place of birth: Nev\u015fehir<br \/>\nGraduated Faculty: Gazi University Faculty of Medicine<\/span><\/p>\n<p class=\"p2\"><span class=\"s1\">Speciality: Plastic, Reconstructive and Aesthetic Surgery<\/span><\/p>\n<p class=\"p2\"><span class=\"s1\">Foreign Language: English<\/span><\/p>\n<p class=\"p3\"><span class=\"s2\">Email: <a href=\"mailto:koksalas@gmail.com\"><span class=\"s3\">koksalas@gmail.com<\/span><\/a><\/span><\/p>\n<p class=\"p2\"><span class=\"s4\"><b>Education<\/b><\/span><span class=\"s1\"><b><br \/>\n<\/b>Ankara Numune Training and Research Hospital, Department of Plastic, Reconstructive and Aesthetic Surgery<\/span><\/p>\n<p class=\"p5\"><span class=\"s1\">Thesis Subject: The Effects of Dabigatran on Flap Survival in the Superficial Epigastric Artery Flap Model Exposed to Secondary Venous Ischemia in Rats<\/span><\/p>\n<p class=\"p5\"><span class=\"s1\">Ankara Medical Chamber<\/span> <span class=\"s1\">A and B Types Certificate of Occupational Medicine<span class=\"Apple-converted-space\">\u00a0<\/span><\/span><\/p>\n<p class=\"p5\"><span class=\"s1\">Gazi University Faculty of Medicine, Ankara<\/span><\/p>\n<p class=\"p2\"><span class=\"s4\"><b>Education, Certification Programs and Congresses:<\/b><\/span><span class=\"s1\"><br \/>\nCertificate of Filler and Neurotoxin Applications<span class=\"Apple-converted-space\">\u00a0<\/span><\/span><\/p>\n<p class=\"p2\"><span class=\"s1\">Certificate of Aesthetic and Beauty Intentional Applications on Face and Body with Laser, IPL, Radiofrequency and Ultrasound Based Devices<br \/>\nCertificate of Mesotherapy, Derma roller, PRP Applications and Skin Care<span class=\"Apple-converted-space\">\u00a0<\/span><\/span><\/p>\n<p class=\"p2\"><span class=\"s1\">Non-Surgical Aesthetic Procedures Course<\/span><\/p>\n<p class=\"p2\"><span class=\"s1\">European 8th Aesthetic Plastic Surgery and Rhinoplasty Course<\/span><\/p>\n<p class=\"p2\"><span class=\"s1\">13th European Congress of Microsurgery<\/span><\/p>\n<p class=\"p2\"><span class=\"s1\">Non-Surgical Aesthetic Interventions and Media Symposium<\/span><\/p>\n<p class=\"p2\"><span class=\"s1\">TPRECD *37th National Congress Breast Repair Course<br \/>\nTPRECD 37th National Congress Aesthetic Breast Surgery Course<br \/>\nTPRECD 8th Rhinoplasty Course<br \/>\nTPRECD Course of Open Rhinoplasty on Fresh Cadaver<br \/>\nTPRECD 1st Facial Aesthetics and Sculpture Course<br \/>\nTurkish Hand and Upper Extremity Surgery Association 9<\/span><span class=\"s6\"><sup>th<\/sup><\/span><span class=\"s1\"> Prof. Dr. R\u0131dvan Ege Basic Hand Surgery Course<\/span><\/p>\n<p class=\"p2\"><span class=\"s1\">TPRECD 35th National Congress<\/span><\/p>\n<p class=\"p2\"><span class=\"s1\">*TPRECD: Turkish Plastic, Reconstructive and Aesthetic Surgery Association)<\/span><\/p>\n<p class=\"p6\"><span class=\"s1\"><b>Working Experiences<\/b><\/span><\/p>\n<p class=\"p7\"><span class=\"s1\"><b><br \/>\n<\/b>Ankara Private \u00d6zkaya Medical Centre Plastic, Reconstructive and Aesthetic Surgery Clinic<\/span><\/p>\n<p class=\"p7\"><span class=\"s1\">Dumlup\u0131nar University Evliya Celebi Training and Research Hospital Plastic Surgery Clinic<\/span><\/p>\n<p class=\"p7\"><span class=\"s1\">Ankara Numune Training and Research Hospital, Department of Plastic, Reconstructive and Aesthetic Surgery<\/span><\/p>\n<p class=\"p7\"><span class=\"s1\">Ankara Gazi University Faculty of Medicine Department of Anesthesiology and Reanimation<\/span><\/p>\n<p class=\"p2\"><span class=\"s4\"><b>Scientific Publications<\/b><\/span><span class=\"s1\"><b><br \/>\n<\/b>Revision of Wise Pattern Breast Reductions with Vertical Procedures (Annals of Plastic Surgery Volume 74, Number 3, March 2015)<\/span><\/p>\n<p class=\"p5\"><span class=\"s1\">Necrotizing Fasciitis due to Streptococcus mitis caused by accidental human bite (JIDC 2016; 10(1): 100-102<\/span><\/p>\n<p class=\"p5\"><span class=\"s1\">Reconstruction of Hand Tissue Defects with Reverse Radial Forearm Flap (Gazi Medical Journal, 2016; 27:11-14)<\/span><\/p>\n<p class=\"p8\"><span class=\"s1\">Our Clinical Experience in Reconstructive Surgery of Anterior Chest Wall Defects with Thoracic Surgery Department (Gazi Medical Journal, 2015; 26:222-224)<\/span><\/p>\n<p>[\/vc_column_text][\/vc_column][\/vc_row][\/vc_section][vc_section full_width=&#8221;stretch_row&#8221; bg_color_select=&#8221;theme_color&#8221; text_align=&#8221;center-md-sm-ms&#8221; css=&#8221;.vc_custom_1541461714391{padding-top: 55px !important;padding-bottom: 55px !important;}&#8221;][vc_row content_placement=&#8221;middle&#8221;][vc_column offset=&#8221;vc_col-lg-6&#8243;]<div class=\"heading  default align-left color-white subcolor-black transform-default has-subheader   vc_custom_1547726191432 heading-tag-h2\" id=\"like_sc_header_213872528\"><span class=\"heading-icon-fa-wrap bg-transparent icon-stethoscope \"><\/span><div class=\"heading-content\"><h5 class=\"subheader ltx-sr-id-like_sc_header_2138725281317462783 ltx-sr ltx-sr-effect-fade_in ltx-sr-el-block ltx-sr-delay-100 ltx-sr-duration-300 ltx-sr-sequences-50\">Randevu Al\u0131n<\/h5><h2 class=\"header ltx-sr-id-like_sc_header_213872528935735096 ltx-sr ltx-sr-effect-fade_in ltx-sr-el-block ltx-sr-delay-0 ltx-sr-duration-1000 ltx-sr-sequences-0\">Sizi Arayal\u0131m<\/h2><\/div><\/div><div class=\"es-resp\">\t<div class=\"visible-xl\" style=\"height: 0px;\"><\/div>\t<div class=\"hidden-xl hidden-md hidden-sm hidden-ms hidden-xs\" style=\"height: 32px;\"><\/div>\t<div class=\"visible-md\" style=\"height: 32px;\"><\/div>\t<div class=\"visible-sm \" style=\"height: 32px;\"><\/div>\t<div class=\"visible-ms\" style=\"height: 32px;\"><\/div>\t<div class=\"visible-xs\" style=\"height: 32px;\"><\/div><\/div>[\/vc_column][vc_column offset=&#8221;vc_col-lg-6&#8243;]<div class=\"ltx-contact-form-7 transform- form-center form-transparent form-bg-transparent form-style- form-btn- form-btn- form-padding-none  form-input-group \" id=\"like_sc_contact_form_7_527935593\"><div role=\"form\" class=\"wpcf7\" id=\"wpcf7-f6102-o1\" lang=\"en-US\" dir=\"ltr\">\n<div class=\"screen-reader-response\"><p role=\"status\" aria-live=\"polite\" aria-atomic=\"true\"><\/p> <ul><\/ul><\/div>\n<form action=\"\/en\/wp-json\/wp\/v2\/pages\/6157#wpcf7-f6102-o1\" method=\"post\" class=\"wpcf7-form init\" novalidate=\"novalidate\" data-status=\"init\">\n<div style=\"display: none;\">\n<input type=\"hidden\" name=\"_wpcf7\" value=\"6102\" \/>\n<input type=\"hidden\" name=\"_wpcf7_version\" value=\"5.5.6\" \/>\n<input type=\"hidden\" name=\"_wpcf7_locale\" value=\"en_US\" \/>\n<input type=\"hidden\" name=\"_wpcf7_unit_tag\" value=\"wpcf7-f6102-o1\" \/>\n<input type=\"hidden\" name=\"_wpcf7_container_post\" value=\"0\" \/>\n<input type=\"hidden\" name=\"_wpcf7_posted_data_hash\" value=\"\" \/>\n<input type=\"hidden\" name=\"lang\" value=\"en\" \/>\n<\/div>\n<p><span class=\"wpcf7-form-control-wrap your-phone\"><input type=\"email\" name=\"your-phone\" value=\"\" size=\"40\" class=\"wpcf7-form-control wpcf7-text wpcf7-email wpcf7-validates-as-required wpcf7-validates-as-email\" aria-required=\"true\" aria-invalid=\"false\" placeholder=\"Telefon Numaran\u0131z\u0131 Yaz\u0131n\" \/><\/span><span><button type=\"submit\" class=\"btn btn-lg btn-black color-hover-gray\">G\u00f6nder<\/button><\/span><\/p>\n<div class=\"wpcf7-response-output\" aria-hidden=\"true\"><\/div><\/form><\/div><\/div>[\/vc_column][\/vc_row][\/vc_section]<\/p>\n","protected":false},"excerpt":{"rendered":"<p>[vc_section text_align=&#8221;center-md-sm-ms&#8221;][vc_row][vc_column][\/vc_column][\/vc_row][vc_row][vc_column text_align=&#8221;center-md-sm-ms&#8221; offset=&#8221;vc_col-lg-6&#8243;][\/vc_column][vc_column offset=&#8221;vc_col-lg-6&#8243;][vc_column_text] Personal Details Place of birth: Nev\u015fehir Graduated Faculty: Gazi University Faculty of Medicine Speciality: Plastic, Reconstructive and Aesthetic Surgery Foreign Language: English Email: koksalas@gmail.com Education Ankara Numune Training and Research Hospital, Department of Plastic, Reconstructive and Aesthetic Surgery Thesis Subject: The Effects of Dabigatran on Flap Survival in the Superficial Epigastric Artery Flap Model Exposed to Secondary Venous Ischemia in Rats Ankara Medical Chamber A and B Types Certificate of Occupational Medicine\u00a0 Gazi University Faculty of Medicine, Ankara Education, Certification Programs and Congresses: Certificate of Filler and Neurotoxin Applications\u00a0 Certificate of Aesthetic and Beauty Intentional Applications on Face and Body with Laser, IPL, Radiofrequency and Ultrasound Based Devices Certificate of Mesotherapy, Derma roller, PRP Applications and Skin Care\u00a0 Non-Surgical Aesthetic Procedures Course European 8th Aesthetic Plastic Surgery and Rhinoplasty Course 13th European Congress of Microsurgery Non-Surgical Aesthetic Interventions and Media Symposium TPRECD *37th National Congress [&hellip;]<\/p>\n","protected":false},"author":1,"featured_media":0,"parent":0,"menu_order":0,"comment_status":"closed","ping_status":"closed","template":"","meta":[],"_links":{"self":[{"href":"https:\/\/drasudekoksal.com\/en\/wp-json\/wp\/v2\/pages\/6157"}],"collection":[{"href":"https:\/\/drasudekoksal.com\/en\/wp-json\/wp\/v2\/pages"}],"about":[{"href":"https:\/\/drasudekoksal.com\/en\/wp-json\/wp\/v2\/types\/page"}],"author":[{"embeddable":true,"href":"https:\/\/drasudekoksal.com\/en\/wp-json\/wp\/v2\/users\/1"}],"replies":[{"embeddable":true,"href":"https:\/\/drasudekoksal.com\/en\/wp-json\/wp\/v2\/comments?post=6157"}],"version-history":[{"count":12,"href":"https:\/\/drasudekoksal.com\/en\/wp-json\/wp\/v2\/pages\/6157\/revisions"}],"predecessor-version":[{"id":7286,"href":"https:\/\/drasudekoksal.com\/en\/wp-json\/wp\/v2\/pages\/6157\/revisions\/7286"}],"wp:attachment":[{"href":"https:\/\/drasudekoksal.com\/en\/wp-json\/wp\/v2\/media?parent=6157"}],"curies":[{"name":"wp","href":"https:\/\/api.w.org\/{rel}","templated":true}]}}